{"id":859,"date":"2025-09-10T12:49:11","date_gmt":"2025-09-10T12:49:11","guid":{"rendered":"https:\/\/seema.no\/?page_id=859"},"modified":"2026-01-29T11:33:17","modified_gmt":"2026-01-29T11:33:17","slug":"rapporter","status":"publish","type":"page","link":"https:\/\/seema.no\/en\/rapporter\/","title":{"rendered":"Reports"},"content":{"rendered":"<div class=\"wp-block-group alignfull has-accent-background-color has-background has-global-padding is-layout-constrained wp-container-core-group-is-layout-669513ed wp-block-group-is-layout-constrained\" style=\"margin-top:0;margin-bottom:0;padding-top:var(--wp--preset--spacing--50);padding-right:var(--wp--preset--spacing--50);padding-bottom:var(--wp--preset--spacing--50);padding-left:var(--wp--preset--spacing--50)\">\n<div class=\"wp-block-columns alignwide is-layout-flex wp-container-core-columns-is-layout-1da03c2a wp-block-columns-is-layout-flex\">\n<div class=\"wp-block-column is-vertically-aligned-stretch is-layout-flow wp-block-column-is-layout-flow\" style=\"flex-basis:50%\">\n<div class=\"wp-block-group is-vertical is-content-justification-stretch is-layout-flex wp-container-core-group-is-layout-444d5ee8 wp-block-group-is-layout-flex\" style=\"min-height:100%\">\n<p class=\"has-heading-font-family has-x-large-font-size\" style=\"line-height:1.2\">In connection with several assignments, we have assisted with reports for Norwegian organisations. These are often of general interest and therefore you will find a selection of these here.<\/p>\n\n\n\n<figure class=\"wp-block-table\"><table class=\"has-fixed-layout\"><tbody><tr><td>Name<\/td><td>Description<\/td><td>Date<\/td><\/tr><tr><td><a href=\"https:\/\/static1.squarespace.com\/static\/6593f7047e3efa42f5cced41\/t\/697b1f44d1332e6934519953\/1769676612377\/Mangfold+som+n%C3%A6rv%C3%A6rsfaktor+-+En+rapport+om+mangfold+og+frav%C3%A6r+i+bussbransjen+m%C3%A5lt+med+Diversity+Index+-+28.01.2026.pdf\">Diversity as an attendance factor (full report).<\/a><\/td><td>The report was done as a collaboration between <em>Tide Bus<\/em> and <em>Seema <\/em>to look at the relationship between diversity and sick leave. Funding was provided from <em>Inclusive working life - industry programme for scheduled bus and passenger transport<\/em>.<\/td><td>2024<\/td><\/tr><tr><td><a href=\"https:\/\/www.iapersontransport.no\/ia-aktiviteteter-og-erfaringer\/mangfoldtidebuss\" data-type=\"link\" data-id=\"https:\/\/www.iapersontransport.no\/ia-aktiviteteter-og-erfaringer\/mangfoldtidebuss\">Increased sense of belonging and inclusion can reduce sickness absence in a diverse work environment<\/a><\/td><td>The report was done as a collaboration between <em>Tide Bus<\/em> and <em>Seema <\/em>to look at the relationship between diversity and sick leave. Funding was provided from <em>Inclusive working life - industry programme for scheduled bus and passenger transport<\/em>.<\/td><td>23\/06\/2024<\/td><\/tr><tr><td><a href=\"https:\/\/www.bnl.no\/siteassets\/dokumenter\/diversity-index---rapport-til-bransjeprogrammet_final15-10-2024.pdf\" data-type=\"link\" data-id=\"https:\/\/www.bnl.no\/siteassets\/dokumenter\/diversity-index---rapport-til-bransjeprogrammet_final15-10-2024.pdf\">Knowledge about inclusion and diversity. For<br>good working environment and prevention of absenteeism<br>and exclusion<\/a><\/td><td>The report was created in collaboration between <em>AS Jaw <\/em>and <em>Seema<\/em>, with funding from <em>Inclusive working life<\/em> &#8211; <em>Industry programme for building and construction<\/em>. The purpose was to look at how diversity can be better managed in the construction industry.<\/td><td>February-October 2024<\/td><\/tr><tr><td><a href=\"https:\/\/www.banenor.no\/contentassets\/bb245d4bc1dc4231a7a3e77498999f3f\/redegjorelsen-for-likestilling-og-diskriminering-2024.pdf\" data-type=\"link\" data-id=\"https:\/\/www.banenor.no\/contentassets\/bb245d4bc1dc4231a7a3e77498999f3f\/redegjorelsen-for-likestilling-og-diskriminering-2024.pdf\">The report on gender equality and<br>discrimination<\/a><\/td><td>The statistical work to look at the relationship between gender and pay conditions was carried out as a collaboration between <em>Bane NOR<\/em> and <em>Seema<\/em>. <\/td><td>2024<\/td><\/tr><tr><td><a href=\"https:\/\/assets.ctfassets.net\/wjuvvn17b6p4\/21k57LWf5Qoe9VSLw7t45M\/fc1fc940a99974b204d6f200e0e131d9\/NTE_A_rs-_og_b_rekraftsrapport_2023.pdf\" data-type=\"link\" data-id=\"https:\/\/assets.ctfassets.net\/wjuvvn17b6p4\/21k57LWf5Qoe9VSLw7t45M\/fc1fc940a99974b204d6f200e0e131d9\/NTE_A_rs-_og_b_rekraftsrapport_2023.pdf\">NTE Annual and Sustainability Report 2023<\/a><br><br>(see page 172 onwards)<\/td><td>Seema contributed to analyses around diversity in <em>NTE<\/em>which in turn was included in the company's annual reporting.<\/td><td>2023<\/td><\/tr><\/tbody><\/table><\/figure>\n<\/div>\n<\/div>\n\n\n\n<div class=\"wp-block-column is-vertically-aligned-center is-layout-flow wp-block-column-is-layout-flow\" style=\"flex-basis:50%\">\n<figure class=\"wp-block-image size-large is-style-rounded is-style-rounded--1\"><img loading=\"lazy\" decoding=\"async\" width=\"1024\" height=\"683\" src=\"https:\/\/seema.no\/wp-content\/uploads\/2025\/09\/rapporter2_10-09-25-1024x683.jpg\" alt=\"\" class=\"wp-image-861\" style=\"aspect-ratio:3\/4;object-fit:cover\" srcset=\"https:\/\/seema.no\/wp-content\/uploads\/2025\/09\/rapporter2_10-09-25-1024x683.jpg 1024w, https:\/\/seema.no\/wp-content\/uploads\/2025\/09\/rapporter2_10-09-25-300x200.jpg 300w, https:\/\/seema.no\/wp-content\/uploads\/2025\/09\/rapporter2_10-09-25-768x513.jpg 768w, https:\/\/seema.no\/wp-content\/uploads\/2025\/09\/rapporter2_10-09-25-1536x1025.jpg 1536w, https:\/\/seema.no\/wp-content\/uploads\/2025\/09\/rapporter2_10-09-25-2048x1367.jpg 2048w, https:\/\/seema.no\/wp-content\/uploads\/2025\/09\/rapporter2_10-09-25-18x12.jpg 18w\" sizes=\"auto, (max-width: 1024px) 100vw, 1024px\" \/><\/figure>\n<\/div>\n<\/div>\n<\/div>\n\n\n\n<p><\/p>","protected":false},"excerpt":{"rendered":"<p>I forbindelse med flere oppdrag har vi hjulpet til med rapporter for norske organisasjoner. Dette er ofte til allmenn interesse og derfor finner du et utvalg av disse her. Navn Beskrivelse Dato Mangfold som n\u00e6rv\u00e6rsfaktor (rapporten i sin helhet). Rapporten ble gjort som et samarbeid mellom Tide Buss og Seema for \u00e5 se p\u00e5 sammenheng [&hellip;]<\/p>","protected":false},"author":2,"featured_media":0,"parent":0,"menu_order":0,"comment_status":"closed","ping_status":"closed","template":"","meta":{"footnotes":""},"class_list":["post-859","page","type-page","status-publish","hentry"],"_links":{"self":[{"href":"https:\/\/seema.no\/en\/wp-json\/wp\/v2\/pages\/859","targetHints":{"allow":["GET"]}}],"collection":[{"href":"https:\/\/seema.no\/en\/wp-json\/wp\/v2\/pages"}],"about":[{"href":"https:\/\/seema.no\/en\/wp-json\/wp\/v2\/types\/page"}],"author":[{"embeddable":true,"href":"https:\/\/seema.no\/en\/wp-json\/wp\/v2\/users\/2"}],"replies":[{"embeddable":true,"href":"https:\/\/seema.no\/en\/wp-json\/wp\/v2\/comments?post=859"}],"version-history":[{"count":3,"href":"https:\/\/seema.no\/en\/wp-json\/wp\/v2\/pages\/859\/revisions"}],"predecessor-version":[{"id":917,"href":"https:\/\/seema.no\/en\/wp-json\/wp\/v2\/pages\/859\/revisions\/917"}],"wp:attachment":[{"href":"https:\/\/seema.no\/en\/wp-json\/wp\/v2\/media?parent=859"}],"curies":[{"name":"wp","href":"https:\/\/api.w.org\/{rel}","templated":true}]}}