{"id":830,"date":"2025-07-30T07:51:04","date_gmt":"2025-07-30T07:51:04","guid":{"rendered":"https:\/\/seema.no\/?page_id=830"},"modified":"2026-03-03T08:34:39","modified_gmt":"2026-03-03T08:34:39","slug":"avisartikler","status":"publish","type":"page","link":"https:\/\/seema.no\/en\/avisartikler\/","title":{"rendered":"Newspaper articles"},"content":{"rendered":"<div class=\"wp-block-group alignfull has-accent-background-color has-background has-global-padding is-layout-constrained wp-container-core-group-is-layout-669513ed wp-block-group-is-layout-constrained\" style=\"margin-top:0;margin-bottom:0;padding-top:var(--wp--preset--spacing--50);padding-right:var(--wp--preset--spacing--50);padding-bottom:var(--wp--preset--spacing--50);padding-left:var(--wp--preset--spacing--50)\">\n<div class=\"wp-block-columns alignwide is-layout-flex wp-container-core-columns-is-layout-1da03c2a wp-block-columns-is-layout-flex\">\n<div class=\"wp-block-column is-vertically-aligned-stretch is-layout-flow wp-block-column-is-layout-flow\" style=\"flex-basis:50%\">\n<div class=\"wp-block-group has-global-padding is-layout-constrained wp-block-group-is-layout-constrained\" style=\"min-height:100%\">\n<p class=\"has-heading-font-family has-x-large-font-size\" style=\"line-height:1.2\">Over time, we have been featured in a number of media articles. Here you will find an archive of these.<\/p>\n\n\n\n<figure class=\"wp-block-table\"><table class=\"has-fixed-layout\"><tbody><tr><td><strong>Title\/link<\/strong><\/td><td><strong>Date<\/strong><\/td><td><strong>Authors<\/strong><\/td><\/tr><tr><td><a href=\"https:\/\/www.dagensperspektiv.no\/samfunnsstyring\/sympati-og-veldedighet-gjor-ikke-at-vi-lykkes-med-mangfold\/1401350\" data-type=\"link\" data-id=\"https:\/\/www.samtiden.no\/samfunn\/sympati-og-veldedighet-gjor-ikke-at-vi-lykkes-med-mangfold\/1400899\">Sympathy and charity do not make us successful in diversity<\/a><\/td><td>02\/03\/2026<\/td><td>Knut Petter R\u00f8nne (<strong>Dagens Perspektiv<\/strong>)<\/td><\/tr><tr><td><a href=\"https:\/\/www.samtiden.no\/kommentar\/bemidlede-velgjoreres-feilslatte-hjelp-til-mangfoldsfaget\/1401398\" data-type=\"link\" data-id=\"https:\/\/www.samtiden.no\/kommentar\/bemidlede-velgjoreres-feilslatte-hjelp-til-mangfoldsfaget\/1401398\">Misguided help from wealthy benefactors for the diversity profession<\/a><\/td><td>27\/02\/2026<\/td><td>Vivi Truong<br>Jakob Sverre L\u00f8vstad<\/td><\/tr><tr><td><a href=\"https:\/\/www.samtiden.no\/samfunn\/sympati-og-veldedighet-gjor-ikke-at-vi-lykkes-med-mangfold\/1400899\" data-type=\"link\" data-id=\"https:\/\/www.samtiden.no\/samfunn\/sympati-og-veldedighet-gjor-ikke-at-vi-lykkes-med-mangfold\/1400899\">Sympathy and charity do not make us successful in diversity<\/a><\/td><td>26\/02\/2026<\/td><td>Knut Petter R\u00f8nne (<strong>The present<\/strong>)<\/td><\/tr><tr><td><a href=\"https:\/\/www.altinget.no\/artikkel\/hvor-er-den-visjonaere-lederen\" data-type=\"link\" data-id=\"https:\/\/www.altinget.no\/artikkel\/hvor-er-den-visjonaere-lederen\">Where is the visionary leader?<\/a><\/td><td>24\/02\/2026<\/td><td>Loveleen Rihel Brenna<\/td><\/tr><tr><td><a href=\"https:\/\/www.dagensperspektiv.no\/synspunkt\/a-vaere-hyggelig-eller-vaere-moraliserende\/1396614\" data-type=\"link\" data-id=\"https:\/\/www.dagensperspektiv.no\/synspunkt\/a-vaere-hyggelig-eller-vaere-moraliserende\/1396614\">Being nice or being moralistic <\/a>(Dagens Perspektiv)<\/td><td>12\/02\/2026<\/td><td>Jakob Sverre L\u00f8vstad<br>Manav Rihel Kumar<\/td><\/tr><tr><td><a href=\"https:\/\/www.samtiden.no\/kommentar\/a-vaere-hyggelig-eller-vaere-moraliserende\/1396479\" data-type=\"link\" data-id=\"https:\/\/www.samtiden.no\/kommentar\/a-vaere-hyggelig-eller-vaere-moraliserende\/1396479\">Being nice or being moralistic <\/a>(Samtiden)<\/td><td>12\/02\/2026<\/td><td>Jakob Sverre L\u00f8vstad<br>Manav Rihel Kumar<\/td><\/tr><tr><td><a href=\"https:\/\/www.dagensperspektiv.no\/synspunkt\/der-mangfoldsfaget-slutter-begynner-moralen\/1388058\" data-type=\"link\" data-id=\"https:\/\/www.dagensperspektiv.no\/synspunkt\/der-mangfoldsfaget-slutter-begynner-moralen\/1388058\">Where diversity ends, morality begins<\/a> (Dagens Perspektiv)<\/td><td>20\/01\/2026<\/td><td>Jakob Sverre L\u00f8vstad<br>Manav Rihel Kumar<\/td><\/tr><tr><td><a href=\"https:\/\/www.samtiden.no\/kommentar\/der-mangfoldsfaget-slutter-begynner-moralen\/1388284\" data-type=\"link\" data-id=\"https:\/\/www.samtiden.no\/kommentar\/der-mangfoldsfaget-slutter-begynner-moralen\/1388284\">Where diversity ends, morality begins<\/a> (Samtiden)<\/td><td>19\/01\/2026<\/td><td>Jakob Sverre L\u00f8vstad<br>Manav Rihel Kumar<\/td><\/tr><tr><td><a href=\"https:\/\/tendens.no\/kommentar\/det-nevrotiske-sprak-og-mangfoldsdilemmaet\/\" data-type=\"link\" data-id=\"https:\/\/tendens.no\/kommentar\/det-nevrotiske-sprak-og-mangfoldsdilemmaet\/\">Neurotic language and the diversity dilemma<\/a><\/td><td>09\/12\/2025<\/td><td>Jakob Sverre L\u00f8vstad<br>Piotr Garbacz<\/td><\/tr><tr><td><a href=\"https:\/\/www.dagensperspektiv.no\/synspunkt\/folk-er-feil-systemet-er-perfekt\/1373452\" data-type=\"link\" data-id=\"https:\/\/www.dagensperspektiv.no\/synspunkt\/folk-er-feil-systemet-er-perfekt\/1373452\">People are wrong, the system is perfect?<\/a><\/td><td>19\/11\/2025<\/td><td>Jakob Sverre L\u00f8vstad,<br>Manav Rihel Kumar<\/td><\/tr><tr><td><a href=\"https:\/\/www.dagensperspektiv.no\/synspunkt\/mangfoldsforstaelse-og-klasse\/1356435\" data-type=\"link\" data-id=\"https:\/\/www.dagensperspektiv.no\/synspunkt\/mangfoldsforstaelse-og-klasse\/1356435\">Understanding diversity and class<\/a><\/td><td>22\/09\/2025<\/td><td>Jakob Sverre L\u00f8vstad,<br>Manav Rihel Kumar<\/td><\/tr><tr><td><a href=\"https:\/\/www.altinget.no\/artikkel\/en-destruktiv-fordomsorgie-forkledd-i-demokratiets-drakt\" data-type=\"link\" data-id=\"https:\/\/www.altinget.no\/artikkel\/en-destruktiv-fordomsorgie-forkledd-i-demokratiets-drakt\">Destructive prejudice disguised in the guise of democracy?<\/a><\/td><td>08\/09\/2025<\/td><td>Manav Rihel Kumar,<br>Jakob Sverre L\u00f8vstad<\/td><\/tr><tr><td><a href=\"https:\/\/www.nettavisen.no\/norsk-debatt\/peter-frolichs-bullshit-kritikk-er-mangfold-bortkastede-penger-i-offentlig-sektor\/o\/5-95-2587284\" data-type=\"link\" data-id=\"https:\/\/www.nettavisen.no\/norsk-debatt\/peter-frolichs-bullshit-kritikk-er-mangfold-bortkastede-penger-i-offentlig-sektor\/o\/5-95-2587284\">Diversity is also you, Fr\u00f8lich<\/a><\/td><td>27\/08\/2025<\/td><td>Manav Rihel Kumar<\/td><\/tr><tr><td><a href=\"https:\/\/www.dagensperspektiv.no\/synspunkt\/lovstad\/kumar-mange-psykologiske-tester-i-arbeidslivet-er-tulletesting-kokt-pa-syltynn-suppe\/1345361\" data-type=\"link\" data-id=\"https:\/\/www.dagensperspektiv.no\/synspunkt\/lovstad\/kumar-mange-psykologiske-tester-i-arbeidslivet-er-tulletesting-kokt-pa-syltynn-suppe\/1345361\">L\u00f8vstad\/Kumar: Many psychological tests in the labour market are nonsense tests cooked in very thin soup<\/a><\/td><td>13\/08\/2025<\/td><td>Jakob Sverre L\u00f8vstad,<br>Manav Rihel Kumar<\/td><\/tr><tr><td><a href=\"https:\/\/www.dagensperspektiv.no\/synspunkt\/seema-apokalypsens-fire-konformitetsryttere\/1340913\" data-type=\"link\" data-id=\"https:\/\/www.dagensperspektiv.no\/synspunkt\/seema-apokalypsens-fire-konformitetsryttere\/1340913\">Seema: The four horsemen of the apocalypse<\/a><\/td><td>08\/07\/2025<\/td><td>Jakob Sverre L\u00f8vstad,<br>Manav Rihel Kumar<\/td><\/tr><tr><td><a href=\"https:\/\/www.minerva.no\/norge-ytringsklima\/bekvemmelighetstyranniet-og-et-snev-av-apatisk-konformitet\/476316\" data-type=\"link\" data-id=\"https:\/\/www.minerva.no\/norge-ytringsklima\/bekvemmelighetstyranniet-og-et-snev-av-apatisk-konformitet\/476316\">The tyranny of convenience and a touch of apathetic conformity<\/a><\/td><td>03\/07\/2025<\/td><td>Jakob Sverre L\u00f8vstad<\/td><\/tr><tr><td><a href=\"https:\/\/www.altinget.no\/artikkel\/8473-ytringsklimaet-ruster-bort\" data-type=\"link\" data-id=\"https:\/\/www.altinget.no\/artikkel\/8473-ytringsklimaet-ruster-bort\">The performance climate is rusting away<\/a><\/td><td>20\/06\/2025<\/td><td>Manav Rihel Kumar<\/td><\/tr><tr><td><a href=\"https:\/\/subjekt.no\/2025\/05\/25\/det-trygge-norske-ytringsrommet-er-en-illusjon\/\" data-type=\"link\" data-id=\"https:\/\/subjekt.no\/2025\/05\/25\/det-trygge-norske-ytringsrommet-er-en-illusjon\/\">The safe Norwegian space for expression is an illusion<\/a><\/td><td>25\/05\/2025<\/td><td>Jakob Sverre L\u00f8vstad<\/td><\/tr><tr><td><a href=\"https:\/\/www.dagensperspektiv.no\/arbeidsliv\/de-som-mener-noe-annet-skiller-seg-mest-ut-i-det-konforme-norge\/1328440\" data-type=\"link\" data-id=\"https:\/\/www.dagensperspektiv.no\/arbeidsliv\/de-som-mener-noe-annet-skiller-seg-mest-ut-i-det-konforme-norge\/1328440\">Those who think otherwise stand out the most in conformist Norway<\/a><\/td><td>23\/05\/2025<\/td><td>Knut Petter R\u00f8nne (<strong>Dagens Perspektiv<\/strong>)<\/td><\/tr><tr><td><a href=\"https:\/\/www.dagensperspektiv.no\/arbeidsliv\/klasse-er-fortsatt-den-storste-forskjellen-pa-oss-og-dem\/1328399\" data-type=\"link\" data-id=\"https:\/\/www.dagensperspektiv.no\/arbeidsliv\/klasse-er-fortsatt-den-storste-forskjellen-pa-oss-og-dem\/1328399\">Class is still the biggest difference between \"us and them\"&nbsp;<\/a><\/td><td>22\/05\/2025<\/td><td>Knut Petter R\u00f8nne (<strong>Dagens Perspektiv<\/strong>)<\/td><\/tr><tr><td><a href=\"https:\/\/www.kode24.no\/artikkel\/utviklingen-i-usa-viser-hva-som-skjer-nar-mangfold-blir-et-ideologisk-prosjekt\/234399\" data-type=\"link\" data-id=\"https:\/\/www.kode24.no\/artikkel\/utviklingen-i-usa-viser-hva-som-skjer-nar-mangfold-blir-et-ideologisk-prosjekt\/234399\">Developments in the US show what happens when diversity becomes an ideological project<\/a><\/td><td>30\/04\/2025<\/td><td>Celise Skaar (<strong>Cegal<\/strong>),<br>Jakob Sverre L\u00f8vstad<\/td><\/tr><tr><td><a href=\"https:\/\/www.dagensperspektiv.no\/arbeidsliv\/seema-mener-mangfoldets-tilbakeslag-i-usa-var-forventet\/1314021\" data-type=\"link\" data-id=\"https:\/\/www.dagensperspektiv.no\/arbeidsliv\/seema-mener-mangfoldets-tilbakeslag-i-usa-var-forventet\/1314021\">Seema: Believes the diversity backlash in the US was expected<\/a><\/td><td>31\/03\/2025<\/td><td>Knut Petter R\u00f8nne (<strong>Dagens Perspektiv<\/strong>)<\/td><\/tr><tr><td><a href=\"https:\/\/www.dagensperspektiv.no\/synspunkt\/seema-kan-mangfolds-aktivismen-takke-seg-selv\/1309930\" data-type=\"link\" data-id=\"https:\/\/www.dagensperspektiv.no\/synspunkt\/seema-kan-mangfolds-aktivismen-takke-seg-selv\/1309930\">Seema: Can diversity activism thank itself?<\/a><\/td><td>17\/03\/2025<\/td><td>Loveleen Brenna,<br>Manav Rihel Kumar,<br>Siv Hamre Arntzen<\/td><\/tr><tr><td><a href=\"https:\/\/www.minerva.no\/mangfold\/den-banale-mangfoldsetikken\/455371\" data-type=\"link\" data-id=\"https:\/\/www.minerva.no\/mangfold\/den-banale-mangfoldsetikken\/455371\">The banal ethics of diversity<\/a><\/td><td>03\/09\/2024<\/td><td>Jakob Sverre L\u00f8vstad,<br>Manav Rihel Kumar<\/td><\/tr><tr><td><a href=\"https:\/\/www.dagensperspektiv.no\/synspunkt\/vi-trenger-et-toneskifte-i-arbeid-med-mangfold\/1243802\" data-type=\"link\" data-id=\"https:\/\/www.dagensperspektiv.no\/synspunkt\/vi-trenger-et-toneskifte-i-arbeid-med-mangfold\/1243802\">We need a change of tone in our work with diversity<\/a><\/td><td>15\/08\/2024<\/td><td>Manav Rihel Kumar,<br>Jakob Sverre L\u00f8vstad<\/td><\/tr><tr><td><a href=\"https:\/\/subjekt.no\/2024\/08\/13\/tid-for-a-rydde-opp-i-mangfoldsfaget\/\" data-type=\"link\" data-id=\"https:\/\/subjekt.no\/2024\/08\/13\/tid-for-a-rydde-opp-i-mangfoldsfaget\/\">Time to clean up the diversity profession<\/a><\/td><td>13\/08\/2024<\/td><td>Manav Rihel Kumar,<br>Jakob Sverre L\u00f8vstad<\/td><\/tr><tr><td><a href=\"https:\/\/www.altinget.no\/artikkel\/sympatidrevet-mangfoldsarbeid-er-aa-male-seg-opp-i-et-hjoerne\" data-type=\"link\" data-id=\"https:\/\/www.altinget.no\/artikkel\/sympatidrevet-mangfoldsarbeid-er-aa-male-seg-opp-i-et-hjoerne\">Sympathy-driven diversity work is painting yourself into a corner<\/a><\/td><td>12\/07\/2024<\/td><td>Manav Rihel Kumar,<br>Jakob Sverre L\u00f8vstad<\/td><\/tr><tr><td><a href=\"https:\/\/www.kode24.no\/artikkel\/derfor-er-det-vanskelig-a-fa-sjefen-til-a-bry-seg-om-mangfold\/202764\" data-type=\"link\" data-id=\"https:\/\/www.kode24.no\/artikkel\/derfor-er-det-vanskelig-a-fa-sjefen-til-a-bry-seg-om-mangfold\/202764\">That's why it's hard to get your boss to care about diversity<\/a><\/td><td>22\/05\/2024<\/td><td>Jakob Sverre L\u00f8vstad<\/td><\/tr><tr><td><a href=\"https:\/\/www.kode24.no\/artikkel\/synes-bransjen-prover-a-lose-mangfold-med-tyggegummi-og-gaffateip\/202102\" data-type=\"link\" data-id=\"https:\/\/www.kode24.no\/artikkel\/synes-bransjen-prover-a-lose-mangfold-med-tyggegummi-og-gaffateip\/202102\">The industry is trying to solve diversity with \"chewing gum and duct tape\"<\/a><\/td><td>08\/05\/2024<\/td><td>Jakob Sverre L\u00f8vstad<\/td><\/tr><\/tbody><\/table><\/figure>\n<\/div>\n<\/div>\n\n\n\n<div class=\"wp-block-column is-vertically-aligned-center is-layout-flow wp-block-column-is-layout-flow\" style=\"flex-basis:50%\">\n<figure class=\"wp-block-image size-large is-style-rounded is-style-rounded--1\"><img loading=\"lazy\" decoding=\"async\" width=\"748\" height=\"1024\" src=\"https:\/\/seema.no\/wp-content\/uploads\/2025\/05\/malin-strandvall-QGmkMsgbemI-unsplash-748x1024.jpg\" alt=\"\" class=\"wp-image-736\" style=\"aspect-ratio:3\/4;object-fit:cover\" srcset=\"https:\/\/seema.no\/wp-content\/uploads\/2025\/05\/malin-strandvall-QGmkMsgbemI-unsplash-748x1024.jpg 748w, https:\/\/seema.no\/wp-content\/uploads\/2025\/05\/malin-strandvall-QGmkMsgbemI-unsplash-219x300.jpg 219w, https:\/\/seema.no\/wp-content\/uploads\/2025\/05\/malin-strandvall-QGmkMsgbemI-unsplash-768x1051.jpg 768w, https:\/\/seema.no\/wp-content\/uploads\/2025\/05\/malin-strandvall-QGmkMsgbemI-unsplash-1122x1536.jpg 1122w, https:\/\/seema.no\/wp-content\/uploads\/2025\/05\/malin-strandvall-QGmkMsgbemI-unsplash-1497x2048.jpg 1497w, https:\/\/seema.no\/wp-content\/uploads\/2025\/05\/malin-strandvall-QGmkMsgbemI-unsplash-scaled.jpg 1871w\" sizes=\"auto, (max-width: 748px) 100vw, 748px\" \/><\/figure>\n<\/div>\n<\/div>\n<\/div>\n\n\n\n<p><\/p>","protected":false},"excerpt":{"rendered":"<p>Over tid har vi v\u00e6rt i en god del artikler i media. Her finner du et arkiv for disse. Tittel\/lenke Dato Forfattere Sympati og veldedighet gj\u00f8r ikke at vi lykkes med mangfold 02\/03\/2026 Knut Petter R\u00f8nne (Dagens Perspektiv) Bemidlede velgj\u00f8reres feilsl\u00e5tte hjelp til mangfoldsfaget 27\/02\/2026 Vivi TruongJakob Sverre L\u00f8vstad Sympati og veldedighet gj\u00f8r ikke at [&hellip;]<\/p>","protected":false},"author":2,"featured_media":0,"parent":0,"menu_order":0,"comment_status":"closed","ping_status":"closed","template":"","meta":{"footnotes":""},"class_list":["post-830","page","type-page","status-publish","hentry"],"_links":{"self":[{"href":"https:\/\/seema.no\/en\/wp-json\/wp\/v2\/pages\/830","targetHints":{"allow":["GET"]}}],"collection":[{"href":"https:\/\/seema.no\/en\/wp-json\/wp\/v2\/pages"}],"about":[{"href":"https:\/\/seema.no\/en\/wp-json\/wp\/v2\/types\/page"}],"author":[{"embeddable":true,"href":"https:\/\/seema.no\/en\/wp-json\/wp\/v2\/users\/2"}],"replies":[{"embeddable":true,"href":"https:\/\/seema.no\/en\/wp-json\/wp\/v2\/comments?post=830"}],"version-history":[{"count":24,"href":"https:\/\/seema.no\/en\/wp-json\/wp\/v2\/pages\/830\/revisions"}],"predecessor-version":[{"id":936,"href":"https:\/\/seema.no\/en\/wp-json\/wp\/v2\/pages\/830\/revisions\/936"}],"wp:attachment":[{"href":"https:\/\/seema.no\/en\/wp-json\/wp\/v2\/media?parent=830"}],"curies":[{"name":"wp","href":"https:\/\/api.w.org\/{rel}","templated":true}]}}