{"id":40,"date":"2024-08-14T09:41:16","date_gmt":"2024-08-14T09:41:16","guid":{"rendered":"https:\/\/seema.no\/?page_id=40"},"modified":"2025-03-03T10:03:15","modified_gmt":"2025-03-03T10:03:15","slug":"om-oss","status":"publish","type":"page","link":"https:\/\/seema.no\/en\/om-oss\/","title":{"rendered":"About us (old)"},"content":{"rendered":"<div class=\"wp-block-group alignfull has-accent-background-color has-background has-global-padding is-layout-constrained wp-container-core-group-is-layout-669513ed wp-block-group-is-layout-constrained\" style=\"margin-top:0;margin-bottom:0;padding-top:var(--wp--preset--spacing--50);padding-right:var(--wp--preset--spacing--50);padding-bottom:var(--wp--preset--spacing--50);padding-left:var(--wp--preset--spacing--50)\">\n<div class=\"wp-block-columns alignwide is-layout-flex wp-container-core-columns-is-layout-1da03c2a wp-block-columns-is-layout-flex\">\n<div class=\"wp-block-column is-vertically-aligned-stretch is-layout-flow wp-block-column-is-layout-flow\" style=\"flex-basis:50%\">\n<div class=\"wp-block-group is-vertical is-content-justification-stretch is-layout-flex wp-container-core-group-is-layout-444d5ee8 wp-block-group-is-layout-flex\" style=\"min-height:100%\">\n<p class=\"has-heading-font-family has-x-large-font-size\" style=\"line-height:1.2\">Seema has been providing diversity services since 2012. At the centre of everything we do are sound analyses, a scientific basis for all measures and the use of national and international standards. <\/p>\n\n\n\n<p class=\"has-heading-font-family has-x-large-font-size\" style=\"line-height:1.2\">In partnership with us, you can be assured of professionalism and precision at every stage, with initiatives that systematically create change over time.<\/p>\n\n\n\n<div class=\"wp-block-group has-global-padding is-content-justification-left is-layout-constrained wp-container-core-group-is-layout-9fe8ed88 wp-block-group-is-layout-constrained\">\n<p class=\"wp-container-content-0733e5d0\">Feel free to get in touch and we can help you with your diversity efforts.<\/p>\n\n\n\n<div class=\"wp-block-buttons is-layout-flex wp-block-buttons-is-layout-flex\">\n<div class=\"wp-block-button\"><a class=\"wp-block-button__link wp-element-button\" href=\"https:\/\/seema.no\/en\/kontakt-oss\/\">Contact us<\/a><\/div>\n<\/div>\n<\/div>\n<\/div>\n<\/div>\n\n\n\n<div class=\"wp-block-column is-vertically-aligned-center is-layout-flow wp-block-column-is-layout-flow\" style=\"flex-basis:50%\">\n<figure class=\"wp-block-image size-large is-style-rounded is-style-rounded--1\"><img loading=\"lazy\" decoding=\"async\" width=\"1024\" height=\"768\" src=\"https:\/\/seema.no\/wp-content\/uploads\/2024\/08\/manav_pa_scenen1-1024x768.jpg\" alt=\"\" class=\"wp-image-140\" srcset=\"https:\/\/seema.no\/wp-content\/uploads\/2024\/08\/manav_pa_scenen1-1024x768.jpg 1024w, https:\/\/seema.no\/wp-content\/uploads\/2024\/08\/manav_pa_scenen1-300x225.jpg 300w, https:\/\/seema.no\/wp-content\/uploads\/2024\/08\/manav_pa_scenen1-768x576.jpg 768w, https:\/\/seema.no\/wp-content\/uploads\/2024\/08\/manav_pa_scenen1-1536x1152.jpg 1536w, https:\/\/seema.no\/wp-content\/uploads\/2024\/08\/manav_pa_scenen1-600x450.jpg 600w, https:\/\/seema.no\/wp-content\/uploads\/2024\/08\/manav_pa_scenen1.jpg 2048w\" sizes=\"auto, (max-width: 1024px) 100vw, 1024px\" \/><\/figure>\n<\/div>\n<\/div>\n<\/div>","protected":false},"excerpt":{"rendered":"<p>Seema har levert tjenester innenfor mangfold siden 2012. Sentralt i alt vi gj\u00f8r st\u00e5r gode analyser, vitenskapelig grunnlag for alle tiltak og bruk av nasjonale og internasjonale standarder. I partnerskap med oss kan du v\u00e6re trygg p\u00e5 faglighet og presisjon i alle ledd, med tiltak som systematisk skaper endring over tid. Ta gjerne kontakt, s\u00e5 [&hellip;]<\/p>\n","protected":false},"author":2,"featured_media":0,"parent":0,"menu_order":0,"comment_status":"closed","ping_status":"closed","template":"","meta":{"footnotes":""},"class_list":["post-40","page","type-page","status-publish","hentry"],"_links":{"self":[{"href":"https:\/\/seema.no\/en\/wp-json\/wp\/v2\/pages\/40","targetHints":{"allow":["GET"]}}],"collection":[{"href":"https:\/\/seema.no\/en\/wp-json\/wp\/v2\/pages"}],"about":[{"href":"https:\/\/seema.no\/en\/wp-json\/wp\/v2\/types\/page"}],"author":[{"embeddable":true,"href":"https:\/\/seema.no\/en\/wp-json\/wp\/v2\/users\/2"}],"replies":[{"embeddable":true,"href":"https:\/\/seema.no\/en\/wp-json\/wp\/v2\/comments?post=40"}],"version-history":[{"count":6,"href":"https:\/\/seema.no\/en\/wp-json\/wp\/v2\/pages\/40\/revisions"}],"predecessor-version":[{"id":530,"href":"https:\/\/seema.no\/en\/wp-json\/wp\/v2\/pages\/40\/revisions\/530"}],"wp:attachment":[{"href":"https:\/\/seema.no\/en\/wp-json\/wp\/v2\/media?parent=40"}],"curies":[{"name":"wp","href":"https:\/\/api.w.org\/{rel}","templated":true}]}}