{"id":195,"date":"2024-08-19T09:17:24","date_gmt":"2024-08-19T09:17:24","guid":{"rendered":"https:\/\/seema.no\/?page_id=195"},"modified":"2024-08-21T11:53:03","modified_gmt":"2024-08-21T11:53:03","slug":"tjenester","status":"publish","type":"page","link":"https:\/\/seema.no\/en\/tjenester\/","title":{"rendered":"Services"},"content":{"rendered":"<div class=\"wp-block-group alignfull has-accent-4-background-color has-background is-vertical is-content-justification-center is-nowrap is-layout-flex wp-container-core-group-is-layout-2215816d wp-block-group-is-layout-flex\" style=\"min-height:100vh;margin-top:0;margin-bottom:0;padding-top:var(--wp--preset--spacing--50);padding-right:var(--wp--preset--spacing--50);padding-bottom:var(--wp--preset--spacing--50);padding-left:var(--wp--preset--spacing--50)\">\n<div class=\"wp-block-columns alignwide are-vertically-aligned-center is-layout-flex wp-container-core-columns-is-layout-47c06fe3 wp-block-columns-is-layout-flex\">\n<div class=\"wp-block-column is-vertically-aligned-center is-layout-flow wp-block-column-is-layout-flow\" style=\"flex-basis:40%\">\n<div class=\"wp-block-group is-layout-flow wp-container-core-group-is-layout-8f7ed23f wp-block-group-is-layout-flow\" style=\"min-height:100%;margin-top:0;margin-bottom:0;padding-right:0;padding-left:0\">\n<h1 class=\"wp-block-heading has-text-align-left\" style=\"margin-right:0;margin-bottom:0;font-size:clamp(2.503rem, 2.503rem + ((1vw - 0.2rem) * 3.662), 4.7rem);line-height:1;writing-mode:horizontal-tb\">Partnerships<\/h1>\n\n\n\n<div class=\"wp-block-group has-global-padding is-content-justification-left is-layout-constrained wp-container-core-group-is-layout-0207514c wp-block-group-is-layout-constrained\" style=\"padding-right:0;padding-left:0\">\n<p class=\"wp-container-content-0733e5d0\">Most often when we work with organisations, we enter into partnerships that last over time. Achieving good results in the field of diversity often requires a combination of analyses, management work, skills development and organisational development. That's why it's a good idea to have a proper conversation where we map out your goals and strategy around what you want from your work, and find out the best way forward for you.<\/p>\n\n\n\n<div class=\"wp-block-buttons is-layout-flex wp-block-buttons-is-layout-flex\">\n<div class=\"wp-block-button\"><a class=\"wp-block-button__link wp-element-button\" href=\"https:\/\/seema.no\/en\/kontakt-oss\/\">Contact us<\/a><\/div>\n<\/div>\n<\/div>\n<\/div>\n<\/div>\n\n\n\n<div class=\"wp-block-column is-vertically-aligned-top is-layout-flow wp-block-column-is-layout-flow\" style=\"flex-basis:60%\">\n<figure class=\"wp-block-image size-large is-resized is-style-rounded is-style-rounded--1\"><img loading=\"lazy\" decoding=\"async\" width=\"771\" height=\"1024\" src=\"https:\/\/seema.no\/wp-content\/uploads\/2024\/08\/executive_room_DEG16-771x1024.jpg\" alt=\"\" class=\"wp-image-200\" style=\"aspect-ratio:0.75;object-fit:cover;width:568px;height:auto\" srcset=\"https:\/\/seema.no\/wp-content\/uploads\/2024\/08\/executive_room_DEG16-771x1024.jpg 771w, https:\/\/seema.no\/wp-content\/uploads\/2024\/08\/executive_room_DEG16-226x300.jpg 226w, https:\/\/seema.no\/wp-content\/uploads\/2024\/08\/executive_room_DEG16-768x1020.jpg 768w, https:\/\/seema.no\/wp-content\/uploads\/2024\/08\/executive_room_DEG16-1157x1536.jpg 1157w, https:\/\/seema.no\/wp-content\/uploads\/2024\/08\/executive_room_DEG16-600x797.jpg 600w, https:\/\/seema.no\/wp-content\/uploads\/2024\/08\/executive_room_DEG16.jpg 1536w\" sizes=\"auto, (max-width: 771px) 100vw, 771px\" \/><\/figure>\n<\/div>\n<\/div>\n<\/div>\n\n\n\n<div class=\"wp-block-group alignfull has-accent-2-background-color has-background has-global-padding is-layout-constrained wp-container-core-group-is-layout-d89aad35 wp-block-group-is-layout-constrained\" style=\"margin-top:0;margin-bottom:0;padding-top:var(--wp--preset--spacing--50);padding-right:var(--wp--preset--spacing--50);padding-bottom:var(--wp--preset--spacing--50);padding-left:var(--wp--preset--spacing--50)\">\n<div class=\"wp-block-columns alignwide is-layout-flex wp-container-core-columns-is-layout-1da03c2a wp-block-columns-is-layout-flex\">\n<div class=\"wp-block-column is-vertically-aligned-center is-layout-flow wp-block-column-is-layout-flow\" style=\"flex-basis:60%\">\n<figure class=\"wp-block-image size-full is-style-rounded wp-duotone-unset-3 is-style-rounded--2\"><img loading=\"lazy\" decoding=\"async\" width=\"2040\" height=\"1536\" src=\"https:\/\/seema.no\/wp-content\/uploads\/2024\/08\/auditorium_DEG16.jpg\" alt=\"\" class=\"wp-image-201\" style=\"aspect-ratio:4\/3;object-fit:cover\" srcset=\"https:\/\/seema.no\/wp-content\/uploads\/2024\/08\/auditorium_DEG16.jpg 2040w, https:\/\/seema.no\/wp-content\/uploads\/2024\/08\/auditorium_DEG16-300x226.jpg 300w, https:\/\/seema.no\/wp-content\/uploads\/2024\/08\/auditorium_DEG16-1024x771.jpg 1024w, https:\/\/seema.no\/wp-content\/uploads\/2024\/08\/auditorium_DEG16-768x578.jpg 768w, https:\/\/seema.no\/wp-content\/uploads\/2024\/08\/auditorium_DEG16-1536x1157.jpg 1536w, https:\/\/seema.no\/wp-content\/uploads\/2024\/08\/auditorium_DEG16-600x452.jpg 600w\" sizes=\"auto, (max-width: 2040px) 100vw, 2040px\" \/><\/figure>\n<\/div>\n\n\n\n<div class=\"wp-block-column is-layout-flow wp-block-column-is-layout-flow\" style=\"flex-basis:40%\">\n<h2 class=\"wp-block-heading\">Digital courses<\/h2>\n\n\n\n<p>For many of our customers, the starting point for working with diversity has been to begin with competence development for all employees, with the aim of creating a common language and a common understanding of the topic.<\/p>\n\n\n\n<p>Digital courses are a very good and cost-effective solution for this purpose, providing a basis for more extensive work later on. <\/p>\n\n\n\n<p>Please contact us for a quote on these courses for your organisation.<\/p>\n\n\n\n<div class=\"wp-block-buttons is-layout-flex wp-block-buttons-is-layout-flex\">\n<div class=\"wp-block-button\"><a class=\"wp-block-button__link wp-element-button\" href=\"https:\/\/seema.no\/en\/kontakt-oss\/\">Contact us<\/a><\/div>\n<\/div>\n<\/div>\n<\/div>\n\n\n\n<p><\/p>\n<\/div>\n\n\n\n<div class=\"wp-block-group alignfull has-accent-background-color has-background has-global-padding is-layout-constrained wp-container-core-group-is-layout-d89aad35 wp-block-group-is-layout-constrained\" style=\"margin-top:0;margin-bottom:0;padding-top:var(--wp--preset--spacing--50);padding-right:var(--wp--preset--spacing--50);padding-bottom:var(--wp--preset--spacing--50);padding-left:var(--wp--preset--spacing--50)\">\n<div class=\"wp-block-columns alignwide is-layout-flex wp-container-core-columns-is-layout-1da03c2a wp-block-columns-is-layout-flex\">\n<div class=\"wp-block-column is-vertically-aligned-center is-layout-flow wp-block-column-is-layout-flow\" style=\"flex-basis:60%\">\n<figure class=\"wp-block-image size-full is-style-rounded wp-duotone-unset-5 is-style-rounded--4\"><img loading=\"lazy\" decoding=\"async\" width=\"2040\" height=\"1536\" src=\"https:\/\/seema.no\/wp-content\/uploads\/2024\/08\/lounge_19-08-24.jpg\" alt=\"\" class=\"wp-image-213\" style=\"aspect-ratio:4\/3;object-fit:cover\" srcset=\"https:\/\/seema.no\/wp-content\/uploads\/2024\/08\/lounge_19-08-24.jpg 2040w, https:\/\/seema.no\/wp-content\/uploads\/2024\/08\/lounge_19-08-24-300x226.jpg 300w, https:\/\/seema.no\/wp-content\/uploads\/2024\/08\/lounge_19-08-24-1024x771.jpg 1024w, https:\/\/seema.no\/wp-content\/uploads\/2024\/08\/lounge_19-08-24-768x578.jpg 768w, https:\/\/seema.no\/wp-content\/uploads\/2024\/08\/lounge_19-08-24-1536x1157.jpg 1536w, https:\/\/seema.no\/wp-content\/uploads\/2024\/08\/lounge_19-08-24-600x452.jpg 600w\" sizes=\"auto, (max-width: 2040px) 100vw, 2040px\" \/><\/figure>\n<\/div>\n\n\n\n<div class=\"wp-block-column is-layout-flow wp-block-column-is-layout-flow\" style=\"flex-basis:40%\">\n<h2 class=\"wp-block-heading\">Other services<\/h2>\n\n\n\n<p>In addition to our larger packages, we also provide a range of smaller services such as insight workshops, lectures, in-house diversity courses (usually four half days) and more. <\/p>\n\n\n\n<p>If you and your organisation would like some of this, we can work together to find something suitable to help you understand the subject. <\/p>\n\n\n\n<div class=\"wp-block-buttons is-layout-flex wp-block-buttons-is-layout-flex\">\n<div class=\"wp-block-button\"><a class=\"wp-block-button__link wp-element-button\" href=\"https:\/\/seema.no\/en\/kontakt-oss\/\">Contact us<\/a><\/div>\n<\/div>\n<\/div>\n<\/div>\n\n\n\n<p><\/p>\n<\/div>\n\n\n\n<div class=\"wp-block-group alignfull has-accent-4-background-color has-background has-global-padding is-layout-constrained wp-container-core-group-is-layout-d89aad35 wp-block-group-is-layout-constrained\" style=\"margin-top:0;margin-bottom:0;padding-top:var(--wp--preset--spacing--50);padding-right:var(--wp--preset--spacing--50);padding-bottom:var(--wp--preset--spacing--50);padding-left:var(--wp--preset--spacing--50)\">\n<div class=\"wp-block-columns alignwide is-layout-flex wp-container-core-columns-is-layout-1da03c2a wp-block-columns-is-layout-flex\">\n<div class=\"wp-block-column is-vertically-aligned-center is-layout-flow wp-block-column-is-layout-flow\" style=\"flex-basis:60%\">\n<figure class=\"wp-block-image size-full is-style-rounded wp-duotone-unset-7 is-style-rounded--6\"><img loading=\"lazy\" decoding=\"async\" width=\"2040\" height=\"1297\" src=\"https:\/\/seema.no\/wp-content\/uploads\/2024\/08\/statistikk_fresh_21-08-24_2.jpg\" alt=\"\" class=\"wp-image-316\" srcset=\"https:\/\/seema.no\/wp-content\/uploads\/2024\/08\/statistikk_fresh_21-08-24_2.jpg 2040w, https:\/\/seema.no\/wp-content\/uploads\/2024\/08\/statistikk_fresh_21-08-24_2-300x191.jpg 300w, https:\/\/seema.no\/wp-content\/uploads\/2024\/08\/statistikk_fresh_21-08-24_2-1024x651.jpg 1024w, https:\/\/seema.no\/wp-content\/uploads\/2024\/08\/statistikk_fresh_21-08-24_2-768x488.jpg 768w, https:\/\/seema.no\/wp-content\/uploads\/2024\/08\/statistikk_fresh_21-08-24_2-1536x977.jpg 1536w, https:\/\/seema.no\/wp-content\/uploads\/2024\/08\/statistikk_fresh_21-08-24_2-600x381.jpg 600w\" sizes=\"auto, (max-width: 2040px) 100vw, 2040px\" \/><\/figure>\n<\/div>\n\n\n\n<div class=\"wp-block-column is-layout-flow wp-block-column-is-layout-flow\" style=\"flex-basis:40%\">\n<h2 class=\"wp-block-heading\">Data-driven insights<\/h2>\n\n\n\n<figure class=\"wp-block-image size-full is-resized\"><img loading=\"lazy\" decoding=\"async\" width=\"1000\" height=\"149\" src=\"https:\/\/seema.no\/wp-content\/uploads\/2024\/08\/logo1.png\" alt=\"\" class=\"wp-image-217\" style=\"width:178px;height:auto\" srcset=\"https:\/\/seema.no\/wp-content\/uploads\/2024\/08\/logo1.png 1000w, https:\/\/seema.no\/wp-content\/uploads\/2024\/08\/logo1-300x45.png 300w, https:\/\/seema.no\/wp-content\/uploads\/2024\/08\/logo1-768x114.png 768w, https:\/\/seema.no\/wp-content\/uploads\/2024\/08\/logo1-600x89.png 600w\" sizes=\"auto, (max-width: 1000px) 100vw, 1000px\" \/><\/figure>\n\n\n\n<p>Something that clearly distinguishes what we do at Seema from other suppliers is that we have developed a statistically validated tool, based on social science research methods. The tool is called <strong>Diversity Index<\/strong> and makes it possible to get concrete figures on the diversity of the organisation, how being part of a minority versus a majority affects psychosocial factors, and how having diversity affects performance and well-being.<\/p>\n\n\n\n<p>Typically, these types of analyses are delivered together with other services to ensure that results lead to correct actions. Get in touch with us and we can figure it out together.<\/p>\n\n\n\n<div class=\"wp-block-buttons is-layout-flex wp-block-buttons-is-layout-flex\">\n<div class=\"wp-block-button\"><a class=\"wp-block-button__link wp-element-button\" href=\"https:\/\/seema.no\/en\/kontakt-oss\/\">Contact us<\/a><\/div>\n<\/div>\n<\/div>\n<\/div>\n\n\n\n<p><\/p>\n<\/div>","protected":false},"excerpt":{"rendered":"<p>Partnerskap Oftest n\u00e5r vi jobber med virksomheter, g\u00e5r vi inn i partnerskap som varer over tid. \u00c5 f\u00e5 til gode resultater innenfor mangfoldsfaget, krever gjerne en kombinasjon av analyser, arbeid med ledelse, kompetansel\u00f8ft og organisasjonsutvikling. Derfor er det lurt \u00e5 f\u00e5 til en skikkelig samtale hvor vi kartlegger m\u00e5l og strategi rundt hva dere \u00f8nsker [&hellip;]<\/p>\n","protected":false},"author":2,"featured_media":0,"parent":0,"menu_order":0,"comment_status":"closed","ping_status":"closed","template":"","meta":{"footnotes":""},"class_list":["post-195","page","type-page","status-publish","hentry"],"_links":{"self":[{"href":"https:\/\/seema.no\/en\/wp-json\/wp\/v2\/pages\/195","targetHints":{"allow":["GET"]}}],"collection":[{"href":"https:\/\/seema.no\/en\/wp-json\/wp\/v2\/pages"}],"about":[{"href":"https:\/\/seema.no\/en\/wp-json\/wp\/v2\/types\/page"}],"author":[{"embeddable":true,"href":"https:\/\/seema.no\/en\/wp-json\/wp\/v2\/users\/2"}],"replies":[{"embeddable":true,"href":"https:\/\/seema.no\/en\/wp-json\/wp\/v2\/comments?post=195"}],"version-history":[{"count":16,"href":"https:\/\/seema.no\/en\/wp-json\/wp\/v2\/pages\/195\/revisions"}],"predecessor-version":[{"id":629,"href":"https:\/\/seema.no\/en\/wp-json\/wp\/v2\/pages\/195\/revisions\/629"}],"wp:attachment":[{"href":"https:\/\/seema.no\/en\/wp-json\/wp\/v2\/media?parent=195"}],"curies":[{"name":"wp","href":"https:\/\/api.w.org\/{rel}","templated":true}]}}